{"id":36,"date":"2019-04-18T17:48:33","date_gmt":"2019-04-18T17:48:33","guid":{"rendered":"https:\/\/replick.com.br\/social\/?page_id=36"},"modified":"2024-11-13T20:15:40","modified_gmt":"2024-11-13T20:15:40","slug":"faca-sua-cotacao-replick-social","status":"publish","type":"page","link":"https:\/\/replick.com.br\/social\/faca-sua-cotacao-replick-social\/","title":{"rendered":"Fa\u00e7a sua cota\u00e7\u00e3o"},"content":{"rendered":"\n<div class=\"wpcf7 no-js\" id=\"wpcf7-f92-o1\" lang=\"pt-PT\" dir=\"ltr\" data-wpcf7-id=\"92\">\n<div class=\"screen-reader-response\"><p role=\"status\" aria-live=\"polite\" aria-atomic=\"true\"><\/p> <ul><\/ul><\/div>\n<form action=\"\/social\/wp-json\/wp\/v2\/pages\/36#wpcf7-f92-o1\" method=\"post\" class=\"wpcf7-form init\" aria-label=\"Formul\u00e1rio de contacto\" novalidate=\"novalidate\" data-status=\"init\">\n<fieldset class=\"hidden-fields-container\"><input type=\"hidden\" name=\"_wpcf7\" value=\"92\" \/><input type=\"hidden\" name=\"_wpcf7_version\" value=\"6.1.5\" \/><input type=\"hidden\" name=\"_wpcf7_locale\" value=\"pt_PT\" \/><input type=\"hidden\" name=\"_wpcf7_unit_tag\" value=\"wpcf7-f92-o1\" \/><input type=\"hidden\" name=\"_wpcf7_container_post\" value=\"0\" \/><input type=\"hidden\" name=\"_wpcf7_posted_data_hash\" value=\"\" \/>\n<\/fieldset>\n<p><label> 1. Identifica\u00e7\u00e3o<br \/>\nNome completo (obrigat\u00f3rio)<br \/>\n<span class=\"wpcf7-form-control-wrap\" data-name=\"seu-nome\"><input size=\"40\" maxlength=\"400\" class=\"wpcf7-form-control wpcf7-text wpcf7-validates-as-required\" aria-required=\"true\" aria-invalid=\"false\" value=\"\" type=\"text\" name=\"seu-nome\" \/><\/span><br \/>\nE-mail (obrigat\u00f3rio)<br \/>\n<span class=\"wpcf7-form-control-wrap\" data-name=\"your-email\"><input size=\"40\" maxlength=\"400\" class=\"wpcf7-form-control wpcf7-email wpcf7-validates-as-required wpcf7-text wpcf7-validates-as-email\" aria-required=\"true\" aria-invalid=\"false\" value=\"\" type=\"email\" name=\"your-email\" \/><\/span><br \/>\nCelular (com DDD - obrigat\u00f3rio)<br \/>\n<span class=\"wpcf7-form-control-wrap\" data-name=\"tel-410\"><input size=\"40\" maxlength=\"400\" class=\"wpcf7-form-control wpcf7-tel wpcf7-validates-as-required wpcf7-text wpcf7-validates-as-tel\" aria-required=\"true\" aria-invalid=\"false\" value=\"\" type=\"tel\" name=\"tel-410\" \/><\/span><br \/>\n<\/label><label> 2. Detalhes do RSVP<br \/>\nQuantidade de convites (cobramos por convite e n\u00e3o por convidado) (obrigat\u00f3rio)<br \/>\n<span class=\"wpcf7-form-control-wrap\" data-name=\"number-451\"><input class=\"wpcf7-form-control wpcf7-number wpcf7-validates-as-required wpcf7-validates-as-number\" aria-required=\"true\" aria-invalid=\"false\" value=\"\" type=\"number\" name=\"number-451\" \/><\/span><br \/>\nTipo de evento<br \/>\n<span class=\"wpcf7-form-control-wrap\" data-name=\"menu-807\"><select class=\"wpcf7-form-control wpcf7-select\" aria-invalid=\"false\" name=\"menu-807\"><option value=\"\">&#8212;Por favor escolha uma op\u00e7\u00e3o&#8212;<\/option><option value=\"Casamento\">Casamento<\/option><option value=\"Anivers\u00e1rio\">Anivers\u00e1rio<\/option><option value=\"Noivado\">Noivado<\/option><option value=\"Despedida\">Despedida<\/option><option value=\"Ch\u00e1 (Bar, de Cozinha, de Lingerie)\">Ch\u00e1 (Bar, de Cozinha, de Lingerie)<\/option><option value=\"Bodas\">Bodas<\/option><option value=\"Batizado\">Batizado<\/option><option value=\"Bar\/ Bat Mitzvah\">Bar\/ Bat Mitzvah<\/option><option value=\"Debutante\">Debutante<\/option><option value=\"Formatura\">Formatura<\/option><option value=\"Almo\u00e7o\/ Jantar\">Almo\u00e7o\/ Jantar<\/option><option value=\"Outro\">Outro<\/option><\/select><\/span><br \/>\nQuando os convites ser\u00e3o enviados aos convidados? (in\u00edcio do RSVP)<br \/>\n<span class=\"wpcf7-form-control-wrap\" data-name=\"date-683\"><input class=\"wpcf7-form-control wpcf7-date wpcf7-validates-as-date\" aria-invalid=\"false\" value=\"\" type=\"date\" name=\"date-683\" \/><\/span><br \/>\nPodemos utilizar o envio de SMS aos convidados para ajudar nas confirma\u00e7\u00f5es?<br \/>\n<span class=\"wpcf7-form-control-wrap\" data-name=\"radio-415\"><span class=\"wpcf7-form-control wpcf7-radio\"><span class=\"wpcf7-list-item first\"><input type=\"radio\" name=\"radio-415\" value=\"Sim\" checked=\"checked\" \/><span class=\"wpcf7-list-item-label\">Sim<\/span><\/span><span class=\"wpcf7-list-item last\"><input type=\"radio\" name=\"radio-415\" value=\"N\u00e3o\" \/><span class=\"wpcf7-list-item-label\">N\u00e3o<\/span><\/span><\/span><\/span><br \/>\nPodemos utilizar o envio de WHATSAPP aos convidados para ajudar nas confirma\u00e7\u00f5es?<br \/>\n<span class=\"wpcf7-form-control-wrap\" data-name=\"radio-416\"><span class=\"wpcf7-form-control wpcf7-radio\"><span class=\"wpcf7-list-item first\"><input type=\"radio\" name=\"radio-416\" value=\"Sim\" checked=\"checked\" \/><span class=\"wpcf7-list-item-label\">Sim<\/span><\/span><span class=\"wpcf7-list-item last\"><input type=\"radio\" name=\"radio-416\" value=\"N\u00e3o\" \/><span class=\"wpcf7-list-item-label\">N\u00e3o<\/span><\/span><\/span><\/span><br \/>\nCaso o convidado confirme um n\u00famero maior de convidados do que o que consta na lista:<br \/>\n<span class=\"wpcf7-form-control-wrap\" data-name=\"radio-417\"><span class=\"wpcf7-form-control wpcf7-radio\"><span class=\"wpcf7-list-item first\"><input type=\"radio\" name=\"radio-417\" value=\"Ok, confirmar\" checked=\"checked\" \/><span class=\"wpcf7-list-item-label\">Ok, confirmar<\/span><\/span><span class=\"wpcf7-list-item\"><input type=\"radio\" name=\"radio-417\" value=\"N\u00e3o confirmar\" \/><span class=\"wpcf7-list-item-label\">N\u00e3o confirmar<\/span><\/span><span class=\"wpcf7-list-item last\"><input type=\"radio\" name=\"radio-417\" value=\"Me consultar primeiro\" \/><span class=\"wpcf7-list-item-label\">Me consultar primeiro<\/span><\/span><\/span><\/span><br \/>\nTraje<br \/>\n<span class=\"wpcf7-form-control-wrap\" data-name=\"text-365\"><input size=\"40\" maxlength=\"400\" class=\"wpcf7-form-control wpcf7-text\" aria-invalid=\"false\" value=\"\" type=\"text\" name=\"text-365\" \/><\/span><br \/>\n<\/label><label> 3. Detalhes do evento<br \/>\nNome do local da festa<br \/>\n<span class=\"wpcf7-form-control-wrap\" data-name=\"text-129\"><input size=\"40\" maxlength=\"400\" class=\"wpcf7-form-control wpcf7-text\" aria-invalid=\"false\" value=\"\" type=\"text\" name=\"text-129\" \/><\/span><br \/>\nData<br \/>\n<span class=\"wpcf7-form-control-wrap\" data-name=\"date-355\"><input class=\"wpcf7-form-control wpcf7-date wpcf7-validates-as-date\" aria-invalid=\"false\" value=\"\" type=\"date\" name=\"date-355\" \/><\/span><br \/>\nHor\u00e1rio<br \/>\n<span class=\"wpcf7-form-control-wrap\" data-name=\"text-131\"><input size=\"40\" maxlength=\"400\" class=\"wpcf7-form-control wpcf7-text\" aria-invalid=\"false\" value=\"\" type=\"text\" name=\"text-131\" \/><\/span><br \/>\nEndere\u00e7o completo da festa:<br \/>\n<span class=\"wpcf7-form-control-wrap\" data-name=\"text-132\"><input size=\"40\" maxlength=\"400\" class=\"wpcf7-form-control wpcf7-text\" aria-invalid=\"false\" value=\"\" type=\"text\" name=\"text-132\" \/><\/span><br \/>\nN\u00famero<br \/>\n<span class=\"wpcf7-form-control-wrap\" data-name=\"number-985\"><input class=\"wpcf7-form-control wpcf7-number wpcf7-validates-as-number\" aria-invalid=\"false\" value=\"\" type=\"number\" name=\"number-985\" \/><\/span><br \/>\nBairro<br \/>\n<span class=\"wpcf7-form-control-wrap\" data-name=\"text-133\"><input size=\"40\" maxlength=\"400\" class=\"wpcf7-form-control wpcf7-text\" aria-invalid=\"false\" value=\"\" type=\"text\" name=\"text-133\" \/><\/span><br \/>\nCidade\/Estado<br \/>\n<span class=\"wpcf7-form-control-wrap\" data-name=\"text-134\"><input size=\"40\" maxlength=\"400\" class=\"wpcf7-form-control wpcf7-text\" aria-invalid=\"false\" value=\"\" type=\"text\" name=\"text-134\" \/><\/span><br \/>\nPa\u00eds<br \/>\n<span class=\"wpcf7-form-control-wrap\" data-name=\"text-135\"><input size=\"40\" maxlength=\"400\" class=\"wpcf7-form-control wpcf7-text\" aria-invalid=\"false\" value=\"\" type=\"text\" name=\"text-135\" \/><\/span><br \/>\n<\/label><label> 4. Preencha caso seu evento seja um Casamento<br \/>\nNome completo dos noivos<br \/>\n<span class=\"wpcf7-form-control-wrap\" data-name=\"text-136\"><input size=\"40\" maxlength=\"400\" class=\"wpcf7-form-control wpcf7-text\" aria-invalid=\"false\" value=\"\" type=\"text\" name=\"text-136\" \/><\/span><br \/>\n<span class=\"wpcf7-form-control-wrap\" data-name=\"text-8\"><input size=\"40\" maxlength=\"400\" class=\"wpcf7-form-control wpcf7-text\" aria-invalid=\"false\" value=\"\" type=\"text\" name=\"text-8\" \/><\/span><br \/>\nNome completo dos pais dos noivos<br \/>\n<span class=\"wpcf7-form-control-wrap\" data-name=\"text-137\"><input size=\"40\" maxlength=\"400\" class=\"wpcf7-form-control wpcf7-text\" aria-invalid=\"false\" value=\"\" type=\"text\" name=\"text-137\" \/><\/span><br \/>\n<span class=\"wpcf7-form-control-wrap\" data-name=\"text-9\"><input size=\"40\" maxlength=\"400\" class=\"wpcf7-form-control wpcf7-text\" aria-invalid=\"false\" value=\"\" type=\"text\" name=\"text-9\" \/><\/span><br \/>\n<span class=\"wpcf7-form-control-wrap\" data-name=\"text-10\"><input size=\"40\" maxlength=\"400\" class=\"wpcf7-form-control wpcf7-text\" aria-invalid=\"false\" value=\"\" type=\"text\" name=\"text-10\" \/><\/span><br \/>\n<span class=\"wpcf7-form-control-wrap\" data-name=\"text-11\"><input size=\"40\" maxlength=\"400\" class=\"wpcf7-form-control wpcf7-text\" aria-invalid=\"false\" value=\"\" type=\"text\" name=\"text-11\" \/><\/span><br \/>\nO local da cerim\u00f4nia ser\u00e1 o mesmo que da festa?<br \/>\n<span class=\"wpcf7-form-control-wrap\" data-name=\"radio-418\"><span class=\"wpcf7-form-control wpcf7-radio\"><span class=\"wpcf7-list-item first\"><input type=\"radio\" name=\"radio-418\" value=\"Sim\" checked=\"checked\" \/><span class=\"wpcf7-list-item-label\">Sim<\/span><\/span><span class=\"wpcf7-list-item last\"><input type=\"radio\" name=\"radio-418\" value=\"N\u00e3o\" \/><span class=\"wpcf7-list-item-label\">N\u00e3o<\/span><\/span><\/span><\/span><br \/>\nCaso sejam locais diferentes, informe-nos o local da Cerim\u00f4nia (nome do local e endere\u00e7o completo)<br \/>\n<span class=\"wpcf7-form-control-wrap\" data-name=\"textarea-363\"><textarea cols=\"40\" rows=\"10\" maxlength=\"2000\" class=\"wpcf7-form-control wpcf7-textarea\" aria-invalid=\"false\" name=\"textarea-363\"><\/textarea><\/span><br \/>\nPossui Lista de Presentes? Onde?<br \/>\n<span class=\"wpcf7-form-control-wrap\" data-name=\"text-136\"><input size=\"40\" maxlength=\"400\" class=\"wpcf7-form-control wpcf7-text\" aria-invalid=\"false\" value=\"\" type=\"text\" name=\"text-136\" \/><\/span><br \/>\n<input class=\"wpcf7-form-control wpcf7-submit has-spinner\" type=\"submit\" value=\"Solicitar cota\u00e7\u00e3o\" \/><\/label>\n<\/p><div class=\"wpcf7-response-output\" aria-hidden=\"true\"><\/div>\n<\/form>\n<\/div>\n\n","protected":false},"excerpt":{"rendered":"","protected":false},"author":1,"featured_media":0,"parent":0,"menu_order":0,"comment_status":"closed","ping_status":"closed","template":"","meta":{"footnotes":""},"class_list":["post-36","page","type-page","status-publish","hentry"],"yoast_head":"<!-- This site is optimized with the Yoast SEO plugin v27.5 - https:\/\/yoast.com\/product\/yoast-seo-wordpress\/ -->\n<title>Fa\u00e7a sua cota\u00e7\u00e3o - Replick SOCIAL - RSVP - Confirma\u00e7\u00e3o de Presen\u00e7a<\/title>\n<meta name=\"description\" content=\"Confirma\u00e7\u00e3o de presen\u00e7a por telefone (passivo e ativo), site de casamento, lista de presentes online, rsvp, Convite eletr\u00f4nico personalizado\" \/>\n<meta name=\"robots\" content=\"index, follow, max-snippet:-1, max-image-preview:large, max-video-preview:-1\" \/>\n<link rel=\"canonical\" href=\"https:\/\/replick.com.br\/social\/faca-sua-cotacao-replick-social\/\" \/>\n<meta property=\"og:locale\" content=\"pt_PT\" \/>\n<meta property=\"og:type\" content=\"article\" \/>\n<meta property=\"og:title\" content=\"Fa\u00e7a sua cota\u00e7\u00e3o - Replick SOCIAL - RSVP - Confirma\u00e7\u00e3o de Presen\u00e7a\" \/>\n<meta property=\"og:description\" content=\"Confirma\u00e7\u00e3o de presen\u00e7a por telefone (passivo e ativo), site de casamento, lista de presentes online, rsvp, Convite eletr\u00f4nico personalizado\" \/>\n<meta property=\"og:url\" content=\"https:\/\/replick.com.br\/social\/faca-sua-cotacao-replick-social\/\" \/>\n<meta property=\"og:site_name\" content=\"Replick SOCIAL\" \/>\n<meta property=\"article:publisher\" content=\"https:\/\/www.facebook.com\/ReplickRelacionamento\/\" \/>\n<meta property=\"article:modified_time\" content=\"2024-11-13T20:15:40+00:00\" \/>\n<meta name=\"twitter:card\" content=\"summary_large_image\" \/>\n<meta name=\"twitter:label1\" content=\"Tempo estimado de leitura\" \/>\n\t<meta name=\"twitter:data1\" content=\"1 minuto\" \/>\n<script type=\"application\/ld+json\" class=\"yoast-schema-graph\">{\"@context\":\"https:\\\/\\\/schema.org\",\"@graph\":[{\"@type\":\"WebPage\",\"@id\":\"https:\\\/\\\/replick.com.br\\\/social\\\/faca-sua-cotacao-replick-social\\\/\",\"url\":\"https:\\\/\\\/replick.com.br\\\/social\\\/faca-sua-cotacao-replick-social\\\/\",\"name\":\"Fa\u00e7a sua cota\u00e7\u00e3o - Replick SOCIAL - RSVP - Confirma\u00e7\u00e3o de Presen\u00e7a\",\"isPartOf\":{\"@id\":\"https:\\\/\\\/replick.com.br\\\/social\\\/#website\"},\"datePublished\":\"2019-04-18T17:48:33+00:00\",\"dateModified\":\"2024-11-13T20:15:40+00:00\",\"description\":\"Confirma\u00e7\u00e3o de presen\u00e7a por telefone (passivo e ativo), site de casamento, lista de presentes online, rsvp, Convite eletr\u00f4nico personalizado\",\"breadcrumb\":{\"@id\":\"https:\\\/\\\/replick.com.br\\\/social\\\/faca-sua-cotacao-replick-social\\\/#breadcrumb\"},\"inLanguage\":\"pt-PT\",\"potentialAction\":[{\"@type\":\"ReadAction\",\"target\":[\"https:\\\/\\\/replick.com.br\\\/social\\\/faca-sua-cotacao-replick-social\\\/\"]}]},{\"@type\":\"BreadcrumbList\",\"@id\":\"https:\\\/\\\/replick.com.br\\\/social\\\/faca-sua-cotacao-replick-social\\\/#breadcrumb\",\"itemListElement\":[{\"@type\":\"ListItem\",\"position\":1,\"name\":\"In\u00edcio\",\"item\":\"https:\\\/\\\/replick.com.br\\\/social\\\/\"},{\"@type\":\"ListItem\",\"position\":2,\"name\":\"Fa\u00e7a sua cota\u00e7\u00e3o\"}]},{\"@type\":\"WebSite\",\"@id\":\"https:\\\/\\\/replick.com.br\\\/social\\\/#website\",\"url\":\"https:\\\/\\\/replick.com.br\\\/social\\\/\",\"name\":\"Replick SOCIAL - RSVP\",\"description\":\"RSVP diferenciado para seu evento social\",\"publisher\":{\"@id\":\"https:\\\/\\\/replick.com.br\\\/social\\\/#organization\"},\"potentialAction\":[{\"@type\":\"SearchAction\",\"target\":{\"@type\":\"EntryPoint\",\"urlTemplate\":\"https:\\\/\\\/replick.com.br\\\/social\\\/?s={search_term_string}\"},\"query-input\":{\"@type\":\"PropertyValueSpecification\",\"valueRequired\":true,\"valueName\":\"search_term_string\"}}],\"inLanguage\":\"pt-PT\"},{\"@type\":\"Organization\",\"@id\":\"https:\\\/\\\/replick.com.br\\\/social\\\/#organization\",\"name\":\"Replick Social\",\"url\":\"https:\\\/\\\/replick.com.br\\\/social\\\/\",\"logo\":{\"@type\":\"ImageObject\",\"inLanguage\":\"pt-PT\",\"@id\":\"https:\\\/\\\/replick.com.br\\\/social\\\/#\\\/schema\\\/logo\\\/image\\\/\",\"url\":\"https:\\\/\\\/replick.com.br\\\/social\\\/wp-content\\\/uploads\\\/2019\\\/04\\\/Social-Bordo-sem-Fundo_138x49.png\",\"contentUrl\":\"https:\\\/\\\/replick.com.br\\\/social\\\/wp-content\\\/uploads\\\/2019\\\/04\\\/Social-Bordo-sem-Fundo_138x49.png\",\"width\":138,\"height\":49,\"caption\":\"Replick Social\"},\"image\":{\"@id\":\"https:\\\/\\\/replick.com.br\\\/social\\\/#\\\/schema\\\/logo\\\/image\\\/\"},\"sameAs\":[\"https:\\\/\\\/www.facebook.com\\\/ReplickRelacionamento\\\/\",\"https:\\\/\\\/www.linkedin.com\\\/company\\\/10498493\\\/admin\\\/\"]}]}<\/script>\n<!-- \/ Yoast SEO plugin. -->","yoast_head_json":{"title":"Fa\u00e7a sua cota\u00e7\u00e3o - Replick SOCIAL - RSVP - Confirma\u00e7\u00e3o de Presen\u00e7a","description":"Confirma\u00e7\u00e3o de presen\u00e7a por telefone (passivo e ativo), site de casamento, lista de presentes online, rsvp, Convite eletr\u00f4nico personalizado","robots":{"index":"index","follow":"follow","max-snippet":"max-snippet:-1","max-image-preview":"max-image-preview:large","max-video-preview":"max-video-preview:-1"},"canonical":"https:\/\/replick.com.br\/social\/faca-sua-cotacao-replick-social\/","og_locale":"pt_PT","og_type":"article","og_title":"Fa\u00e7a sua cota\u00e7\u00e3o - Replick SOCIAL - RSVP - Confirma\u00e7\u00e3o de Presen\u00e7a","og_description":"Confirma\u00e7\u00e3o de presen\u00e7a por telefone (passivo e ativo), site de casamento, lista de presentes online, rsvp, Convite eletr\u00f4nico personalizado","og_url":"https:\/\/replick.com.br\/social\/faca-sua-cotacao-replick-social\/","og_site_name":"Replick SOCIAL","article_publisher":"https:\/\/www.facebook.com\/ReplickRelacionamento\/","article_modified_time":"2024-11-13T20:15:40+00:00","twitter_card":"summary_large_image","twitter_misc":{"Tempo estimado de leitura":"1 minuto"},"schema":{"@context":"https:\/\/schema.org","@graph":[{"@type":"WebPage","@id":"https:\/\/replick.com.br\/social\/faca-sua-cotacao-replick-social\/","url":"https:\/\/replick.com.br\/social\/faca-sua-cotacao-replick-social\/","name":"Fa\u00e7a sua cota\u00e7\u00e3o - Replick SOCIAL - RSVP - Confirma\u00e7\u00e3o de Presen\u00e7a","isPartOf":{"@id":"https:\/\/replick.com.br\/social\/#website"},"datePublished":"2019-04-18T17:48:33+00:00","dateModified":"2024-11-13T20:15:40+00:00","description":"Confirma\u00e7\u00e3o de presen\u00e7a por telefone (passivo e ativo), site de casamento, lista de presentes online, rsvp, Convite eletr\u00f4nico personalizado","breadcrumb":{"@id":"https:\/\/replick.com.br\/social\/faca-sua-cotacao-replick-social\/#breadcrumb"},"inLanguage":"pt-PT","potentialAction":[{"@type":"ReadAction","target":["https:\/\/replick.com.br\/social\/faca-sua-cotacao-replick-social\/"]}]},{"@type":"BreadcrumbList","@id":"https:\/\/replick.com.br\/social\/faca-sua-cotacao-replick-social\/#breadcrumb","itemListElement":[{"@type":"ListItem","position":1,"name":"In\u00edcio","item":"https:\/\/replick.com.br\/social\/"},{"@type":"ListItem","position":2,"name":"Fa\u00e7a sua cota\u00e7\u00e3o"}]},{"@type":"WebSite","@id":"https:\/\/replick.com.br\/social\/#website","url":"https:\/\/replick.com.br\/social\/","name":"Replick SOCIAL - RSVP","description":"RSVP diferenciado para seu evento social","publisher":{"@id":"https:\/\/replick.com.br\/social\/#organization"},"potentialAction":[{"@type":"SearchAction","target":{"@type":"EntryPoint","urlTemplate":"https:\/\/replick.com.br\/social\/?s={search_term_string}"},"query-input":{"@type":"PropertyValueSpecification","valueRequired":true,"valueName":"search_term_string"}}],"inLanguage":"pt-PT"},{"@type":"Organization","@id":"https:\/\/replick.com.br\/social\/#organization","name":"Replick Social","url":"https:\/\/replick.com.br\/social\/","logo":{"@type":"ImageObject","inLanguage":"pt-PT","@id":"https:\/\/replick.com.br\/social\/#\/schema\/logo\/image\/","url":"https:\/\/replick.com.br\/social\/wp-content\/uploads\/2019\/04\/Social-Bordo-sem-Fundo_138x49.png","contentUrl":"https:\/\/replick.com.br\/social\/wp-content\/uploads\/2019\/04\/Social-Bordo-sem-Fundo_138x49.png","width":138,"height":49,"caption":"Replick Social"},"image":{"@id":"https:\/\/replick.com.br\/social\/#\/schema\/logo\/image\/"},"sameAs":["https:\/\/www.facebook.com\/ReplickRelacionamento\/","https:\/\/www.linkedin.com\/company\/10498493\/admin\/"]}]}},"_links":{"self":[{"href":"https:\/\/replick.com.br\/social\/wp-json\/wp\/v2\/pages\/36","targetHints":{"allow":["GET"]}}],"collection":[{"href":"https:\/\/replick.com.br\/social\/wp-json\/wp\/v2\/pages"}],"about":[{"href":"https:\/\/replick.com.br\/social\/wp-json\/wp\/v2\/types\/page"}],"author":[{"embeddable":true,"href":"https:\/\/replick.com.br\/social\/wp-json\/wp\/v2\/users\/1"}],"replies":[{"embeddable":true,"href":"https:\/\/replick.com.br\/social\/wp-json\/wp\/v2\/comments?post=36"}],"version-history":[{"count":7,"href":"https:\/\/replick.com.br\/social\/wp-json\/wp\/v2\/pages\/36\/revisions"}],"predecessor-version":[{"id":276,"href":"https:\/\/replick.com.br\/social\/wp-json\/wp\/v2\/pages\/36\/revisions\/276"}],"wp:attachment":[{"href":"https:\/\/replick.com.br\/social\/wp-json\/wp\/v2\/media?parent=36"}],"curies":[{"name":"wp","href":"https:\/\/api.w.org\/{rel}","templated":true}]}}