{"id":251,"date":"2019-12-10T19:06:52","date_gmt":"2019-12-10T19:06:52","guid":{"rendered":"https:\/\/replick.com.br\/social\/?page_id=251"},"modified":"2019-12-10T19:06:53","modified_gmt":"2019-12-10T19:06:53","slug":"politica-de-privacidade","status":"publish","type":"page","link":"https:\/\/replick.com.br\/social\/politica-de-privacidade\/","title":{"rendered":"Pol\u00edtica de Privacidade"},"content":{"rendered":"\n<p>Esta Pol\u00edtica de Privacidade foi formulada com o intuito de manter a privacidade e a seguran\u00e7a das informa\u00e7\u00f5es coletadas de nossos clientes e usu\u00e1rios.<\/p>\n\n\n\n<p><strong>Pol\u00edtica de privacidade para&nbsp;REPLICK<\/strong><\/p>\n\n\n\n<p>Todas as suas informa\u00e7\u00f5es pessoais recolhidas, ser\u00e3o usadas para o ajudar a tornar a sua visita no nosso site o mais produtiva e agrad\u00e1vel poss\u00edvel.<\/p>\n\n\n\n<p>A garantia da confidencialidade dos dados pessoais dos utilizadores do nosso site \u00e9 importante para a&nbsp;<strong>REPLICK<\/strong>.<\/p>\n\n\n\n<p>Todas as informa\u00e7\u00f5es pessoais relativas a membros, assinantes, clientes ou visitantes que usem a&nbsp;<strong>REPLICK&nbsp;<\/strong>ser\u00e3o tratadas em concord\u00e2ncia com a Lei da Prote\u00e7\u00e3o de Dados Pessoais de 26 de outubro de 1998 (Lei n.\u00ba 67\/98).<\/p>\n\n\n\n<p>A informa\u00e7\u00e3o pessoal recolhida pode incluir o seu nome, e-mail, n\u00famero de telefone e\/ou telem\u00f3vel, morada, data de nascimento e\/ou outros.<\/p>\n\n\n\n<p>O uso da&nbsp;<strong>REPLICK&nbsp;<\/strong>pressup\u00f5e a aceita\u00e7\u00e3o deste Acordo de privacidade. A equipe da&nbsp;<strong>REPLICK&nbsp;<\/strong>reserva-se ao direito de alterar este acordo sem aviso pr\u00e9vio. Deste modo, recomendamos que consulte esta p\u00e1gina com regularidade de forma a estar sempre atualizado.<\/p>\n\n\n\n<p><strong>Os an\u00fancios<\/strong><\/p>\n\n\n\n<p>Tal como outros websites, coletamos e utilizamos informa\u00e7\u00e3o contida nos an\u00fancios. A informa\u00e7\u00e3o contida nos an\u00fancios inclui o seu endere\u00e7o IP (Internet Protocol), o seu ISP (Internet Service Provider, como o Sapo, Clix, ou outro), o browser que utilizou ao visitar o nosso website (como o Internet Explorer ou o Firefox), o tempo da sua visita e que p\u00e1ginas visitou dentro do nosso website.<\/p>\n\n\n\n<p><strong>Os Cookies e Web Beacons<\/strong><\/p>\n\n\n\n<p>Utilizamos cookies para armazenar informa\u00e7\u00e3o, tais como as suas prefer\u00eancias pessoas quando visita o nosso website. Isto poder\u00e1 incluir um simples pop-up, ou uma liga\u00e7\u00e3o em v\u00e1rios servi\u00e7os que providenciamos, tais como f\u00f3runs.<\/p>\n\n\n\n<p>Em adi\u00e7\u00e3o tamb\u00e9m utilizamos publicidade de terceiros no nosso website para suportar os custos de manuten\u00e7\u00e3o. Alguns destes publicit\u00e1rios poder\u00e3o utilizar tecnologias como os cookies e\/ou web beacons quando publicitam no nosso website, o que far\u00e1 com que esses publicit\u00e1rios (como o Google atrav\u00e9s do Google AdSense) tamb\u00e9m recebam a sua informa\u00e7\u00e3o pessoal, como o endere\u00e7o IP, o seu ISP, o seu browser, etc. Esta fun\u00e7\u00e3o \u00e9 geralmente utilizada para geotargeting (mostrar publicidade de S\u00e3o Paulo apenas aos leitores oriundos de S\u00e3o Paulo por ex.) ou apresentar publicidade direcionada a um tipo de utilizador (como mostrar publicidade de restaurante a um utilizador que visita sites de culin\u00e1ria regularmente, por ex.).<\/p>\n\n\n\n<p>Voc\u00ea det\u00e9m o poder de desligar os seus cookies, nas op\u00e7\u00f5es do seu browser, ou efetuando altera\u00e7\u00f5es nas ferramentas de programas Antiv\u00edrus, como o Norton Internet Security. No entanto, isso poder\u00e1 alterar a forma como interage com o nosso website, ou outros websites. Isso poder\u00e1 afetar ou n\u00e3o permitir que fa\u00e7a logins em programas, sites ou f\u00f3runs da nossa e de outras redes.<\/p>\n\n\n\n<p><strong>Liga\u00e7\u00f5es a Sites de terceiros<\/strong><\/p>\n\n\n\n<p>A&nbsp;<strong>REPLICK&nbsp;<\/strong>possui liga\u00e7\u00f5es para outros sites, os quais, a nosso ver, podem conter informa\u00e7\u00f5es \/ ferramentas \u00fateis para os nossos visitantes. A nossa pol\u00edtica de privacidade n\u00e3o \u00e9 aplicada a sites de terceiros, pelo que, caso visite outro site a partir do nosso dever\u00e1 ler a politica de privacidade do mesmo.<\/p>\n\n\n\n<p>N\u00e3o nos responsabilizamos pela pol\u00edtica de privacidade ou conte\u00fado presente nesses mesmos sites.<\/p>\n","protected":false},"excerpt":{"rendered":"<p>Esta Pol\u00edtica de Privacidade foi formulada com o intuito de manter a privacidade e a seguran\u00e7a das informa\u00e7\u00f5es coletadas de nossos clientes e usu\u00e1rios. Pol\u00edtica de privacidade para&nbsp;REPLICK Todas as suas informa\u00e7\u00f5es pessoais recolhidas, ser\u00e3o usadas para o ajudar a tornar a sua visita no nosso site o mais produtiva e agrad\u00e1vel poss\u00edvel. A garantia [&hellip;]<\/p>\n","protected":false},"author":1,"featured_media":0,"parent":0,"menu_order":0,"comment_status":"closed","ping_status":"closed","template":"","meta":{"footnotes":""},"class_list":["post-251","page","type-page","status-publish","hentry"],"yoast_head":"<!-- This site is optimized with the Yoast SEO plugin v27.5 - https:\/\/yoast.com\/product\/yoast-seo-wordpress\/ -->\n<title>Pol\u00edtica de Privacidade - Replick SOCIAL<\/title>\n<meta name=\"robots\" content=\"index, follow, max-snippet:-1, max-image-preview:large, max-video-preview:-1\" \/>\n<link rel=\"canonical\" href=\"https:\/\/replick.com.br\/social\/politica-de-privacidade\/\" \/>\n<meta property=\"og:locale\" content=\"pt_PT\" \/>\n<meta property=\"og:type\" content=\"article\" \/>\n<meta property=\"og:title\" content=\"Pol\u00edtica de Privacidade - Replick SOCIAL\" \/>\n<meta property=\"og:description\" content=\"Esta Pol\u00edtica de Privacidade foi formulada com o intuito de manter a privacidade e a seguran\u00e7a das informa\u00e7\u00f5es coletadas de nossos clientes e usu\u00e1rios. Pol\u00edtica de privacidade para&nbsp;REPLICK Todas as suas informa\u00e7\u00f5es pessoais recolhidas, ser\u00e3o usadas para o ajudar a tornar a sua visita no nosso site o mais produtiva e agrad\u00e1vel poss\u00edvel. A garantia [&hellip;]\" \/>\n<meta property=\"og:url\" content=\"https:\/\/replick.com.br\/social\/politica-de-privacidade\/\" \/>\n<meta property=\"og:site_name\" content=\"Replick SOCIAL\" \/>\n<meta property=\"article:publisher\" content=\"https:\/\/www.facebook.com\/ReplickRelacionamento\/\" \/>\n<meta property=\"article:modified_time\" content=\"2019-12-10T19:06:53+00:00\" \/>\n<meta name=\"twitter:card\" content=\"summary_large_image\" \/>\n<meta name=\"twitter:label1\" content=\"Tempo estimado de leitura\" \/>\n\t<meta name=\"twitter:data1\" content=\"3 minutos\" \/>\n<script type=\"application\/ld+json\" class=\"yoast-schema-graph\">{\"@context\":\"https:\\\/\\\/schema.org\",\"@graph\":[{\"@type\":\"WebPage\",\"@id\":\"https:\\\/\\\/replick.com.br\\\/social\\\/politica-de-privacidade\\\/\",\"url\":\"https:\\\/\\\/replick.com.br\\\/social\\\/politica-de-privacidade\\\/\",\"name\":\"Pol\u00edtica de Privacidade - Replick SOCIAL\",\"isPartOf\":{\"@id\":\"https:\\\/\\\/replick.com.br\\\/social\\\/#website\"},\"datePublished\":\"2019-12-10T19:06:52+00:00\",\"dateModified\":\"2019-12-10T19:06:53+00:00\",\"breadcrumb\":{\"@id\":\"https:\\\/\\\/replick.com.br\\\/social\\\/politica-de-privacidade\\\/#breadcrumb\"},\"inLanguage\":\"pt-PT\",\"potentialAction\":[{\"@type\":\"ReadAction\",\"target\":[\"https:\\\/\\\/replick.com.br\\\/social\\\/politica-de-privacidade\\\/\"]}]},{\"@type\":\"BreadcrumbList\",\"@id\":\"https:\\\/\\\/replick.com.br\\\/social\\\/politica-de-privacidade\\\/#breadcrumb\",\"itemListElement\":[{\"@type\":\"ListItem\",\"position\":1,\"name\":\"In\u00edcio\",\"item\":\"https:\\\/\\\/replick.com.br\\\/social\\\/\"},{\"@type\":\"ListItem\",\"position\":2,\"name\":\"Pol\u00edtica de Privacidade\"}]},{\"@type\":\"WebSite\",\"@id\":\"https:\\\/\\\/replick.com.br\\\/social\\\/#website\",\"url\":\"https:\\\/\\\/replick.com.br\\\/social\\\/\",\"name\":\"Replick SOCIAL - RSVP\",\"description\":\"RSVP diferenciado para seu evento social\",\"publisher\":{\"@id\":\"https:\\\/\\\/replick.com.br\\\/social\\\/#organization\"},\"potentialAction\":[{\"@type\":\"SearchAction\",\"target\":{\"@type\":\"EntryPoint\",\"urlTemplate\":\"https:\\\/\\\/replick.com.br\\\/social\\\/?s={search_term_string}\"},\"query-input\":{\"@type\":\"PropertyValueSpecification\",\"valueRequired\":true,\"valueName\":\"search_term_string\"}}],\"inLanguage\":\"pt-PT\"},{\"@type\":\"Organization\",\"@id\":\"https:\\\/\\\/replick.com.br\\\/social\\\/#organization\",\"name\":\"Replick Social\",\"url\":\"https:\\\/\\\/replick.com.br\\\/social\\\/\",\"logo\":{\"@type\":\"ImageObject\",\"inLanguage\":\"pt-PT\",\"@id\":\"https:\\\/\\\/replick.com.br\\\/social\\\/#\\\/schema\\\/logo\\\/image\\\/\",\"url\":\"https:\\\/\\\/replick.com.br\\\/social\\\/wp-content\\\/uploads\\\/2019\\\/04\\\/Social-Bordo-sem-Fundo_138x49.png\",\"contentUrl\":\"https:\\\/\\\/replick.com.br\\\/social\\\/wp-content\\\/uploads\\\/2019\\\/04\\\/Social-Bordo-sem-Fundo_138x49.png\",\"width\":138,\"height\":49,\"caption\":\"Replick Social\"},\"image\":{\"@id\":\"https:\\\/\\\/replick.com.br\\\/social\\\/#\\\/schema\\\/logo\\\/image\\\/\"},\"sameAs\":[\"https:\\\/\\\/www.facebook.com\\\/ReplickRelacionamento\\\/\",\"https:\\\/\\\/www.linkedin.com\\\/company\\\/10498493\\\/admin\\\/\"]}]}<\/script>\n<!-- \/ Yoast SEO plugin. -->","yoast_head_json":{"title":"Pol\u00edtica de Privacidade - Replick SOCIAL","robots":{"index":"index","follow":"follow","max-snippet":"max-snippet:-1","max-image-preview":"max-image-preview:large","max-video-preview":"max-video-preview:-1"},"canonical":"https:\/\/replick.com.br\/social\/politica-de-privacidade\/","og_locale":"pt_PT","og_type":"article","og_title":"Pol\u00edtica de Privacidade - Replick SOCIAL","og_description":"Esta Pol\u00edtica de Privacidade foi formulada com o intuito de manter a privacidade e a seguran\u00e7a das informa\u00e7\u00f5es coletadas de nossos clientes e usu\u00e1rios. Pol\u00edtica de privacidade para&nbsp;REPLICK Todas as suas informa\u00e7\u00f5es pessoais recolhidas, ser\u00e3o usadas para o ajudar a tornar a sua visita no nosso site o mais produtiva e agrad\u00e1vel poss\u00edvel. A garantia [&hellip;]","og_url":"https:\/\/replick.com.br\/social\/politica-de-privacidade\/","og_site_name":"Replick SOCIAL","article_publisher":"https:\/\/www.facebook.com\/ReplickRelacionamento\/","article_modified_time":"2019-12-10T19:06:53+00:00","twitter_card":"summary_large_image","twitter_misc":{"Tempo estimado de leitura":"3 minutos"},"schema":{"@context":"https:\/\/schema.org","@graph":[{"@type":"WebPage","@id":"https:\/\/replick.com.br\/social\/politica-de-privacidade\/","url":"https:\/\/replick.com.br\/social\/politica-de-privacidade\/","name":"Pol\u00edtica de Privacidade - Replick SOCIAL","isPartOf":{"@id":"https:\/\/replick.com.br\/social\/#website"},"datePublished":"2019-12-10T19:06:52+00:00","dateModified":"2019-12-10T19:06:53+00:00","breadcrumb":{"@id":"https:\/\/replick.com.br\/social\/politica-de-privacidade\/#breadcrumb"},"inLanguage":"pt-PT","potentialAction":[{"@type":"ReadAction","target":["https:\/\/replick.com.br\/social\/politica-de-privacidade\/"]}]},{"@type":"BreadcrumbList","@id":"https:\/\/replick.com.br\/social\/politica-de-privacidade\/#breadcrumb","itemListElement":[{"@type":"ListItem","position":1,"name":"In\u00edcio","item":"https:\/\/replick.com.br\/social\/"},{"@type":"ListItem","position":2,"name":"Pol\u00edtica de Privacidade"}]},{"@type":"WebSite","@id":"https:\/\/replick.com.br\/social\/#website","url":"https:\/\/replick.com.br\/social\/","name":"Replick SOCIAL - RSVP","description":"RSVP diferenciado para seu evento social","publisher":{"@id":"https:\/\/replick.com.br\/social\/#organization"},"potentialAction":[{"@type":"SearchAction","target":{"@type":"EntryPoint","urlTemplate":"https:\/\/replick.com.br\/social\/?s={search_term_string}"},"query-input":{"@type":"PropertyValueSpecification","valueRequired":true,"valueName":"search_term_string"}}],"inLanguage":"pt-PT"},{"@type":"Organization","@id":"https:\/\/replick.com.br\/social\/#organization","name":"Replick Social","url":"https:\/\/replick.com.br\/social\/","logo":{"@type":"ImageObject","inLanguage":"pt-PT","@id":"https:\/\/replick.com.br\/social\/#\/schema\/logo\/image\/","url":"https:\/\/replick.com.br\/social\/wp-content\/uploads\/2019\/04\/Social-Bordo-sem-Fundo_138x49.png","contentUrl":"https:\/\/replick.com.br\/social\/wp-content\/uploads\/2019\/04\/Social-Bordo-sem-Fundo_138x49.png","width":138,"height":49,"caption":"Replick Social"},"image":{"@id":"https:\/\/replick.com.br\/social\/#\/schema\/logo\/image\/"},"sameAs":["https:\/\/www.facebook.com\/ReplickRelacionamento\/","https:\/\/www.linkedin.com\/company\/10498493\/admin\/"]}]}},"_links":{"self":[{"href":"https:\/\/replick.com.br\/social\/wp-json\/wp\/v2\/pages\/251","targetHints":{"allow":["GET"]}}],"collection":[{"href":"https:\/\/replick.com.br\/social\/wp-json\/wp\/v2\/pages"}],"about":[{"href":"https:\/\/replick.com.br\/social\/wp-json\/wp\/v2\/types\/page"}],"author":[{"embeddable":true,"href":"https:\/\/replick.com.br\/social\/wp-json\/wp\/v2\/users\/1"}],"replies":[{"embeddable":true,"href":"https:\/\/replick.com.br\/social\/wp-json\/wp\/v2\/comments?post=251"}],"version-history":[{"count":1,"href":"https:\/\/replick.com.br\/social\/wp-json\/wp\/v2\/pages\/251\/revisions"}],"predecessor-version":[{"id":252,"href":"https:\/\/replick.com.br\/social\/wp-json\/wp\/v2\/pages\/251\/revisions\/252"}],"wp:attachment":[{"href":"https:\/\/replick.com.br\/social\/wp-json\/wp\/v2\/media?parent=251"}],"curies":[{"name":"wp","href":"https:\/\/api.w.org\/{rel}","templated":true}]}}