{"id":693,"date":"2018-04-03T09:17:13","date_gmt":"2018-04-03T12:17:13","guid":{"rendered":"https:\/\/replick.com.br\/blog\/?page_id=693"},"modified":"2018-04-03T09:27:50","modified_gmt":"2018-04-03T12:27:50","slug":"politicas-de-privacidade","status":"publish","type":"page","link":"https:\/\/replick.com.br\/blog\/politicas-de-privacidade\/","title":{"rendered":"Pol\u00edticas de Privacidade"},"content":{"rendered":"<p>Esta Pol\u00edtica de Privacidade foi formulada com o intuito de manter a privacidade e a seguran\u00e7a das informa\u00e7\u00f5es coletadas de nossos clientes e usu\u00e1rios.<\/p>\n<p><strong>Pol\u00edtica de privacidade para\u00a0REPLICK<\/strong><\/p>\n<p>Todas as suas informa\u00e7\u00f5es pessoais recolhidas, ser\u00e3o usadas para o ajudar a tornar a sua visita no nosso site o mais produtiva e agrad\u00e1vel poss\u00edvel.<\/p>\n<p>A garantia da confidencialidade dos dados pessoais dos utilizadores do nosso site \u00e9 importante para a\u00a0<strong>REPLICK<\/strong>.<\/p>\n<p>Todas as informa\u00e7\u00f5es pessoais relativas a membros, assinantes, clientes ou visitantes que usem a\u00a0<strong>REPLICK <\/strong>ser\u00e3o tratadas em concord\u00e2ncia com a Lei da Prote\u00e7\u00e3o de Dados Pessoais de 26 de outubro de 1998 (Lei n.\u00ba 67\/98).<\/p>\n<p>A informa\u00e7\u00e3o pessoal recolhida pode incluir o seu nome, e-mail, n\u00famero de telefone e\/ou telem\u00f3vel, morada, data de nascimento e\/ou outros.<\/p>\n<p>O uso da\u00a0<strong>REPLICK <\/strong>pressup\u00f5e a aceita\u00e7\u00e3o deste Acordo de privacidade. A equipe da\u00a0<strong>REPLICK <\/strong>reserva-se ao direito de alterar este acordo sem aviso pr\u00e9vio. Deste modo, recomendamos que consulte esta p\u00e1gina com regularidade de forma a estar sempre atualizado.<\/p>\n<p><strong>Os an\u00fancios<\/strong><\/p>\n<p>Tal como outros websites, coletamos e utilizamos informa\u00e7\u00e3o contida nos an\u00fancios. A informa\u00e7\u00e3o contida nos an\u00fancios inclui o seu endere\u00e7o IP (Internet Protocol), o seu ISP (Internet Service Provider, como o Sapo, Clix, ou outro), o browser que utilizou ao visitar o nosso website (como o Internet Explorer ou o Firefox), o tempo da sua visita e que p\u00e1ginas visitou dentro do nosso website.<\/p>\n<p><strong>Os Cookies e Web Beacons<\/strong><\/p>\n<p>Utilizamos cookies para armazenar informa\u00e7\u00e3o, tais como as suas prefer\u00eancias pessoas quando visita o nosso website. Isto poder\u00e1 incluir um simples pop-up, ou uma liga\u00e7\u00e3o em v\u00e1rios servi\u00e7os que providenciamos, tais como f\u00f3runs.<\/p>\n<p>Em adi\u00e7\u00e3o tamb\u00e9m utilizamos publicidade de terceiros no nosso website para suportar os custos de manuten\u00e7\u00e3o. Alguns destes publicit\u00e1rios poder\u00e3o utilizar tecnologias como os cookies e\/ou web beacons quando publicitam no nosso website, o que far\u00e1 com que esses publicit\u00e1rios (como o Google atrav\u00e9s do Google AdSense) tamb\u00e9m recebam a sua informa\u00e7\u00e3o pessoal, como o endere\u00e7o IP, o seu ISP, o seu browser, etc. Esta fun\u00e7\u00e3o \u00e9 geralmente utilizada para geotargeting (mostrar publicidade de S\u00e3o Paulo apenas aos leitores oriundos de S\u00e3o Paulo por ex.) ou apresentar publicidade direcionada a um tipo de utilizador (como mostrar publicidade de restaurante a um utilizador que visita sites de culin\u00e1ria regularmente, por ex.).<\/p>\n<p>Voc\u00ea det\u00e9m o poder de desligar os seus cookies, nas op\u00e7\u00f5es do seu browser, ou efetuando altera\u00e7\u00f5es nas ferramentas de programas Antiv\u00edrus, como o Norton Internet Security. No entanto, isso poder\u00e1 alterar a forma como interage com o nosso website, ou outros websites. Isso poder\u00e1 afetar ou n\u00e3o permitir que fa\u00e7a logins em programas, sites ou f\u00f3runs da nossa e de outras redes.<\/p>\n<p><strong>Liga\u00e7\u00f5es a Sites de terceiros<\/strong><\/p>\n<p>A\u00a0<strong>REPLICK <\/strong>possui liga\u00e7\u00f5es para outros sites, os quais, a nosso ver, podem conter informa\u00e7\u00f5es \/ ferramentas \u00fateis para os nossos visitantes. A nossa pol\u00edtica de privacidade n\u00e3o \u00e9 aplicada a sites de terceiros, pelo que, caso visite outro site a partir do nosso dever\u00e1 ler a politica de privacidade do mesmo.<\/p>\n<p>N\u00e3o nos responsabilizamos pela pol\u00edtica de privacidade ou conte\u00fado presente nesses mesmos sites.<\/p>\n","protected":false},"excerpt":{"rendered":"<p>Esta Pol\u00edtica de Privacidade foi formulada com o intuito de manter a privacidade e a seguran\u00e7a das informa\u00e7\u00f5es coletadas de nossos clientes e usu\u00e1rios. Pol\u00edtica de privacidade para\u00a0REPLICK Todas as [&hellip;]<\/p>\n","protected":false},"author":4,"featured_media":0,"parent":0,"menu_order":0,"comment_status":"closed","ping_status":"closed","template":"","meta":{"footnotes":""},"yoast_head":"<!-- This site is optimized with the Yoast SEO plugin v21.6 - https:\/\/yoast.com\/wordpress\/plugins\/seo\/ -->\n<title>Pol\u00edticas de Privacidade | REPLICK - Nutri\u00e7\u00e3o de Contatos<\/title>\n<meta name=\"robots\" content=\"index, follow, max-snippet:-1, max-image-preview:large, max-video-preview:-1\" \/>\n<link rel=\"canonical\" href=\"https:\/\/replick.com.br\/blog\/politicas-de-privacidade\/\" \/>\n<meta property=\"og:locale\" content=\"pt_BR\" \/>\n<meta property=\"og:type\" content=\"article\" \/>\n<meta property=\"og:title\" content=\"Pol\u00edticas de Privacidade | REPLICK - Nutri\u00e7\u00e3o de Contatos\" \/>\n<meta property=\"og:description\" content=\"Esta Pol\u00edtica de Privacidade foi formulada com o intuito de manter a privacidade e a seguran\u00e7a das informa\u00e7\u00f5es coletadas de nossos clientes e usu\u00e1rios. Pol\u00edtica de privacidade para\u00a0REPLICK Todas as [&hellip;]\" \/>\n<meta property=\"og:url\" content=\"https:\/\/replick.com.br\/blog\/politicas-de-privacidade\/\" \/>\n<meta property=\"og:site_name\" content=\"REPLICK - Nutri\u00e7\u00e3o de Contatos\" \/>\n<meta property=\"article:publisher\" content=\"https:\/\/www.facebook.com\/ReplickRelacionamento\/\" \/>\n<meta property=\"article:modified_time\" content=\"2018-04-03T12:27:50+00:00\" \/>\n<meta name=\"twitter:card\" content=\"summary_large_image\" \/>\n<meta name=\"twitter:label1\" content=\"Est. tempo de leitura\" \/>\n\t<meta name=\"twitter:data1\" content=\"3 minutos\" \/>\n<script type=\"application\/ld+json\" class=\"yoast-schema-graph\">{\"@context\":\"https:\/\/schema.org\",\"@graph\":[{\"@type\":\"WebPage\",\"@id\":\"https:\/\/replick.com.br\/blog\/politicas-de-privacidade\/\",\"url\":\"https:\/\/replick.com.br\/blog\/politicas-de-privacidade\/\",\"name\":\"Pol\u00edticas de Privacidade | REPLICK - Nutri\u00e7\u00e3o de Contatos\",\"isPartOf\":{\"@id\":\"https:\/\/replick.com.br\/blog\/#website\"},\"datePublished\":\"2018-04-03T12:17:13+00:00\",\"dateModified\":\"2018-04-03T12:27:50+00:00\",\"breadcrumb\":{\"@id\":\"https:\/\/replick.com.br\/blog\/politicas-de-privacidade\/#breadcrumb\"},\"inLanguage\":\"pt-BR\",\"potentialAction\":[{\"@type\":\"ReadAction\",\"target\":[\"https:\/\/replick.com.br\/blog\/politicas-de-privacidade\/\"]}]},{\"@type\":\"BreadcrumbList\",\"@id\":\"https:\/\/replick.com.br\/blog\/politicas-de-privacidade\/#breadcrumb\",\"itemListElement\":[{\"@type\":\"ListItem\",\"position\":1,\"name\":\"In\u00edcio\",\"item\":\"https:\/\/replick.com.br\/blog\/\"},{\"@type\":\"ListItem\",\"position\":2,\"name\":\"Pol\u00edticas de Privacidade\"}]},{\"@type\":\"WebSite\",\"@id\":\"https:\/\/replick.com.br\/blog\/#website\",\"url\":\"https:\/\/replick.com.br\/blog\/\",\"name\":\"REPLICK - Nutri\u00e7\u00e3o de Contatos\",\"description\":\"Neste blog iremos postar as novidades da REPLICK\",\"publisher\":{\"@id\":\"https:\/\/replick.com.br\/blog\/#organization\"},\"potentialAction\":[{\"@type\":\"SearchAction\",\"target\":{\"@type\":\"EntryPoint\",\"urlTemplate\":\"https:\/\/replick.com.br\/blog\/?s={search_term_string}\"},\"query-input\":\"required name=search_term_string\"}],\"inLanguage\":\"pt-BR\"},{\"@type\":\"Organization\",\"@id\":\"https:\/\/replick.com.br\/blog\/#organization\",\"name\":\"REPLICK\",\"url\":\"https:\/\/replick.com.br\/blog\/\",\"logo\":{\"@type\":\"ImageObject\",\"inLanguage\":\"pt-BR\",\"@id\":\"https:\/\/replick.com.br\/blog\/#\/schema\/logo\/image\/\",\"url\":\"https:\/\/replick.com.br\/blog\/wp-content\/uploads\/2015\/11\/BordoReplick.jpg\",\"contentUrl\":\"https:\/\/replick.com.br\/blog\/wp-content\/uploads\/2015\/11\/BordoReplick.jpg\",\"width\":468,\"height\":122,\"caption\":\"REPLICK\"},\"image\":{\"@id\":\"https:\/\/replick.com.br\/blog\/#\/schema\/logo\/image\/\"},\"sameAs\":[\"https:\/\/www.facebook.com\/ReplickRelacionamento\/\",\"https:\/\/www.instagram.com\/replicksocial\/\"]}]}<\/script>\n<!-- \/ Yoast SEO plugin. -->","yoast_head_json":{"title":"Pol\u00edticas de Privacidade | REPLICK - Nutri\u00e7\u00e3o de Contatos","robots":{"index":"index","follow":"follow","max-snippet":"max-snippet:-1","max-image-preview":"max-image-preview:large","max-video-preview":"max-video-preview:-1"},"canonical":"https:\/\/replick.com.br\/blog\/politicas-de-privacidade\/","og_locale":"pt_BR","og_type":"article","og_title":"Pol\u00edticas de Privacidade | REPLICK - Nutri\u00e7\u00e3o de Contatos","og_description":"Esta Pol\u00edtica de Privacidade foi formulada com o intuito de manter a privacidade e a seguran\u00e7a das informa\u00e7\u00f5es coletadas de nossos clientes e usu\u00e1rios. Pol\u00edtica de privacidade para\u00a0REPLICK Todas as [&hellip;]","og_url":"https:\/\/replick.com.br\/blog\/politicas-de-privacidade\/","og_site_name":"REPLICK - Nutri\u00e7\u00e3o de Contatos","article_publisher":"https:\/\/www.facebook.com\/ReplickRelacionamento\/","article_modified_time":"2018-04-03T12:27:50+00:00","twitter_card":"summary_large_image","twitter_misc":{"Est. tempo de leitura":"3 minutos"},"schema":{"@context":"https:\/\/schema.org","@graph":[{"@type":"WebPage","@id":"https:\/\/replick.com.br\/blog\/politicas-de-privacidade\/","url":"https:\/\/replick.com.br\/blog\/politicas-de-privacidade\/","name":"Pol\u00edticas de Privacidade | REPLICK - Nutri\u00e7\u00e3o de Contatos","isPartOf":{"@id":"https:\/\/replick.com.br\/blog\/#website"},"datePublished":"2018-04-03T12:17:13+00:00","dateModified":"2018-04-03T12:27:50+00:00","breadcrumb":{"@id":"https:\/\/replick.com.br\/blog\/politicas-de-privacidade\/#breadcrumb"},"inLanguage":"pt-BR","potentialAction":[{"@type":"ReadAction","target":["https:\/\/replick.com.br\/blog\/politicas-de-privacidade\/"]}]},{"@type":"BreadcrumbList","@id":"https:\/\/replick.com.br\/blog\/politicas-de-privacidade\/#breadcrumb","itemListElement":[{"@type":"ListItem","position":1,"name":"In\u00edcio","item":"https:\/\/replick.com.br\/blog\/"},{"@type":"ListItem","position":2,"name":"Pol\u00edticas de Privacidade"}]},{"@type":"WebSite","@id":"https:\/\/replick.com.br\/blog\/#website","url":"https:\/\/replick.com.br\/blog\/","name":"REPLICK - Nutri\u00e7\u00e3o de Contatos","description":"Neste blog iremos postar as novidades da REPLICK","publisher":{"@id":"https:\/\/replick.com.br\/blog\/#organization"},"potentialAction":[{"@type":"SearchAction","target":{"@type":"EntryPoint","urlTemplate":"https:\/\/replick.com.br\/blog\/?s={search_term_string}"},"query-input":"required name=search_term_string"}],"inLanguage":"pt-BR"},{"@type":"Organization","@id":"https:\/\/replick.com.br\/blog\/#organization","name":"REPLICK","url":"https:\/\/replick.com.br\/blog\/","logo":{"@type":"ImageObject","inLanguage":"pt-BR","@id":"https:\/\/replick.com.br\/blog\/#\/schema\/logo\/image\/","url":"https:\/\/replick.com.br\/blog\/wp-content\/uploads\/2015\/11\/BordoReplick.jpg","contentUrl":"https:\/\/replick.com.br\/blog\/wp-content\/uploads\/2015\/11\/BordoReplick.jpg","width":468,"height":122,"caption":"REPLICK"},"image":{"@id":"https:\/\/replick.com.br\/blog\/#\/schema\/logo\/image\/"},"sameAs":["https:\/\/www.facebook.com\/ReplickRelacionamento\/","https:\/\/www.instagram.com\/replicksocial\/"]}]}},"_links":{"self":[{"href":"https:\/\/replick.com.br\/blog\/wp-json\/wp\/v2\/pages\/693"}],"collection":[{"href":"https:\/\/replick.com.br\/blog\/wp-json\/wp\/v2\/pages"}],"about":[{"href":"https:\/\/replick.com.br\/blog\/wp-json\/wp\/v2\/types\/page"}],"author":[{"embeddable":true,"href":"https:\/\/replick.com.br\/blog\/wp-json\/wp\/v2\/users\/4"}],"replies":[{"embeddable":true,"href":"https:\/\/replick.com.br\/blog\/wp-json\/wp\/v2\/comments?post=693"}],"version-history":[{"count":2,"href":"https:\/\/replick.com.br\/blog\/wp-json\/wp\/v2\/pages\/693\/revisions"}],"predecessor-version":[{"id":695,"href":"https:\/\/replick.com.br\/blog\/wp-json\/wp\/v2\/pages\/693\/revisions\/695"}],"wp:attachment":[{"href":"https:\/\/replick.com.br\/blog\/wp-json\/wp\/v2\/media?parent=693"}],"curies":[{"name":"wp","href":"https:\/\/api.w.org\/{rel}","templated":true}]}}