{"id":664,"date":"2018-04-02T18:44:46","date_gmt":"2018-04-02T21:44:46","guid":{"rendered":"https:\/\/replick.com.br\/blog\/?page_id=664"},"modified":"2018-04-04T17:21:13","modified_gmt":"2018-04-04T20:21:13","slug":"inscricao-blog","status":"publish","type":"page","link":"https:\/\/replick.com.br\/blog\/inscricao-blog\/","title":{"rendered":"Inscreva-se!"},"content":{"rendered":"<p><img loading=\"lazy\" decoding=\"async\" class=\"size-medium wp-image-64 alignleft\" src=\"https:\/\/replick.com.br\/blog\/wp-content\/uploads\/2015\/11\/BordoReplick-300x78.jpg\" alt=\"\" width=\"300\" height=\"78\" srcset=\"https:\/\/replick.com.br\/blog\/wp-content\/uploads\/2015\/11\/BordoReplick-300x78.jpg 300w, https:\/\/replick.com.br\/blog\/wp-content\/uploads\/2015\/11\/BordoReplick.jpg 468w\" sizes=\"(max-width: 300px) 100vw, 300px\" \/><\/p>\n<p>&nbsp;<\/p>\n<p>&nbsp;<\/p>\n<p>&nbsp;<\/p>\n<p><strong>Preencha este formul\u00e1rio e receba as nossas atualiza\u00e7\u00f5es!<\/strong><\/p>\n<p>\n<div class=\"wpcf7 no-js\" id=\"wpcf7-f648-o1\" lang=\"pt-BR\" dir=\"ltr\">\n<div class=\"screen-reader-response\"><p role=\"status\" aria-live=\"polite\" aria-atomic=\"true\"><\/p> <ul><\/ul><\/div>\n<form action=\"\/blog\/wp-json\/wp\/v2\/pages\/664#wpcf7-f648-o1\" method=\"post\" class=\"wpcf7-form init\" aria-label=\"Formul\u00e1rios de contato\" novalidate=\"novalidate\" data-status=\"init\">\n<div style=\"display: none;\">\n<input type=\"hidden\" name=\"_wpcf7\" value=\"648\" \/>\n<input type=\"hidden\" name=\"_wpcf7_version\" value=\"5.8.4\" \/>\n<input type=\"hidden\" name=\"_wpcf7_locale\" value=\"pt_BR\" \/>\n<input type=\"hidden\" name=\"_wpcf7_unit_tag\" value=\"wpcf7-f648-o1\" \/>\n<input type=\"hidden\" name=\"_wpcf7_container_post\" value=\"0\" \/>\n<input type=\"hidden\" name=\"_wpcf7_posted_data_hash\" value=\"\" \/>\n<\/div>\n<p><label> Seu nome (obrigat\u00f3rio)<br \/>\n<span class=\"wpcf7-form-control-wrap\" data-name=\"your-name\"><input size=\"40\" class=\"wpcf7-form-control wpcf7-text wpcf7-validates-as-required\" aria-required=\"true\" aria-invalid=\"false\" value=\"\" type=\"text\" name=\"your-name\" \/><\/span> <\/label>\n<\/p>\n<p><label> Seu e-mail (obrigat\u00f3rio)<br \/>\n<span class=\"wpcf7-form-control-wrap\" data-name=\"your-email\"><input size=\"40\" class=\"wpcf7-form-control wpcf7-email wpcf7-validates-as-required wpcf7-text wpcf7-validates-as-email\" aria-required=\"true\" aria-invalid=\"false\" value=\"\" type=\"email\" name=\"your-email\" \/><\/span> <\/label>\n<\/p>\n<p><input class=\"wpcf7-form-control wpcf7-submit has-spinner\" type=\"submit\" value=\"Enviar\" \/>\n<\/p><div class=\"wpcf7-response-output\" aria-hidden=\"true\"><\/div>\n<\/form>\n<\/div>\n<br \/>\n<script type=\"text\/javascript\" src=\"https:\/\/d335luupugsy2.cloudfront.net\/js\/integration\/stable\/rd-js-integration.min.js\"><\/script><br \/>\n<script type=\"text\/javascript\">\n    var meus_campos = {\n        'your-email': 'email',\n        'your-name': 'nome'\n     };\n    options = { fieldMapping: meus_campos };\n    RdIntegration.integrate('88ef3285a660c81985a395bb99f24b82', 'Inscricao Blog', options);  \n<\/script><\/p>\n","protected":false},"excerpt":{"rendered":"<p>&nbsp; &nbsp; &nbsp; Preencha este formul\u00e1rio e receba as nossas atualiza\u00e7\u00f5es!<\/p>\n","protected":false},"author":4,"featured_media":0,"parent":0,"menu_order":0,"comment_status":"closed","ping_status":"closed","template":"","meta":{"footnotes":""},"yoast_head":"<!-- This site is optimized with the Yoast SEO plugin v21.6 - https:\/\/yoast.com\/wordpress\/plugins\/seo\/ -->\n<title>Inscreva-se! | REPLICK - Nutri\u00e7\u00e3o de Contatos<\/title>\n<meta name=\"robots\" content=\"index, follow, max-snippet:-1, max-image-preview:large, max-video-preview:-1\" \/>\n<link rel=\"canonical\" href=\"https:\/\/replick.com.br\/blog\/inscricao-blog\/\" \/>\n<meta property=\"og:locale\" content=\"pt_BR\" \/>\n<meta property=\"og:type\" content=\"article\" \/>\n<meta property=\"og:title\" content=\"Inscreva-se! | REPLICK - Nutri\u00e7\u00e3o de Contatos\" \/>\n<meta property=\"og:description\" content=\"&nbsp; &nbsp; &nbsp; Preencha este formul\u00e1rio e receba as nossas atualiza\u00e7\u00f5es!\" \/>\n<meta property=\"og:url\" content=\"https:\/\/replick.com.br\/blog\/inscricao-blog\/\" \/>\n<meta property=\"og:site_name\" content=\"REPLICK - Nutri\u00e7\u00e3o de Contatos\" \/>\n<meta property=\"article:publisher\" content=\"https:\/\/www.facebook.com\/ReplickRelacionamento\/\" \/>\n<meta property=\"article:modified_time\" content=\"2018-04-04T20:21:13+00:00\" \/>\n<meta property=\"og:image\" content=\"https:\/\/replick.com.br\/blog\/wp-content\/uploads\/2015\/11\/BordoReplick-300x78.jpg\" \/>\n<meta name=\"twitter:card\" content=\"summary_large_image\" \/>\n<script type=\"application\/ld+json\" class=\"yoast-schema-graph\">{\"@context\":\"https:\/\/schema.org\",\"@graph\":[{\"@type\":\"WebPage\",\"@id\":\"https:\/\/replick.com.br\/blog\/inscricao-blog\/\",\"url\":\"https:\/\/replick.com.br\/blog\/inscricao-blog\/\",\"name\":\"Inscreva-se! | REPLICK - Nutri\u00e7\u00e3o de Contatos\",\"isPartOf\":{\"@id\":\"https:\/\/replick.com.br\/blog\/#website\"},\"datePublished\":\"2018-04-02T21:44:46+00:00\",\"dateModified\":\"2018-04-04T20:21:13+00:00\",\"breadcrumb\":{\"@id\":\"https:\/\/replick.com.br\/blog\/inscricao-blog\/#breadcrumb\"},\"inLanguage\":\"pt-BR\",\"potentialAction\":[{\"@type\":\"ReadAction\",\"target\":[\"https:\/\/replick.com.br\/blog\/inscricao-blog\/\"]}]},{\"@type\":\"BreadcrumbList\",\"@id\":\"https:\/\/replick.com.br\/blog\/inscricao-blog\/#breadcrumb\",\"itemListElement\":[{\"@type\":\"ListItem\",\"position\":1,\"name\":\"In\u00edcio\",\"item\":\"https:\/\/replick.com.br\/blog\/\"},{\"@type\":\"ListItem\",\"position\":2,\"name\":\"Inscreva-se!\"}]},{\"@type\":\"WebSite\",\"@id\":\"https:\/\/replick.com.br\/blog\/#website\",\"url\":\"https:\/\/replick.com.br\/blog\/\",\"name\":\"REPLICK - Nutri\u00e7\u00e3o de Contatos\",\"description\":\"Neste blog iremos postar as novidades da REPLICK\",\"publisher\":{\"@id\":\"https:\/\/replick.com.br\/blog\/#organization\"},\"potentialAction\":[{\"@type\":\"SearchAction\",\"target\":{\"@type\":\"EntryPoint\",\"urlTemplate\":\"https:\/\/replick.com.br\/blog\/?s={search_term_string}\"},\"query-input\":\"required name=search_term_string\"}],\"inLanguage\":\"pt-BR\"},{\"@type\":\"Organization\",\"@id\":\"https:\/\/replick.com.br\/blog\/#organization\",\"name\":\"REPLICK\",\"url\":\"https:\/\/replick.com.br\/blog\/\",\"logo\":{\"@type\":\"ImageObject\",\"inLanguage\":\"pt-BR\",\"@id\":\"https:\/\/replick.com.br\/blog\/#\/schema\/logo\/image\/\",\"url\":\"https:\/\/replick.com.br\/blog\/wp-content\/uploads\/2015\/11\/BordoReplick.jpg\",\"contentUrl\":\"https:\/\/replick.com.br\/blog\/wp-content\/uploads\/2015\/11\/BordoReplick.jpg\",\"width\":468,\"height\":122,\"caption\":\"REPLICK\"},\"image\":{\"@id\":\"https:\/\/replick.com.br\/blog\/#\/schema\/logo\/image\/\"},\"sameAs\":[\"https:\/\/www.facebook.com\/ReplickRelacionamento\/\",\"https:\/\/www.instagram.com\/replicksocial\/\"]}]}<\/script>\n<!-- \/ Yoast SEO plugin. -->","yoast_head_json":{"title":"Inscreva-se! | REPLICK - Nutri\u00e7\u00e3o de Contatos","robots":{"index":"index","follow":"follow","max-snippet":"max-snippet:-1","max-image-preview":"max-image-preview:large","max-video-preview":"max-video-preview:-1"},"canonical":"https:\/\/replick.com.br\/blog\/inscricao-blog\/","og_locale":"pt_BR","og_type":"article","og_title":"Inscreva-se! | REPLICK - Nutri\u00e7\u00e3o de Contatos","og_description":"&nbsp; &nbsp; &nbsp; Preencha este formul\u00e1rio e receba as nossas atualiza\u00e7\u00f5es!","og_url":"https:\/\/replick.com.br\/blog\/inscricao-blog\/","og_site_name":"REPLICK - Nutri\u00e7\u00e3o de Contatos","article_publisher":"https:\/\/www.facebook.com\/ReplickRelacionamento\/","article_modified_time":"2018-04-04T20:21:13+00:00","og_image":[{"url":"https:\/\/replick.com.br\/blog\/wp-content\/uploads\/2015\/11\/BordoReplick-300x78.jpg"}],"twitter_card":"summary_large_image","schema":{"@context":"https:\/\/schema.org","@graph":[{"@type":"WebPage","@id":"https:\/\/replick.com.br\/blog\/inscricao-blog\/","url":"https:\/\/replick.com.br\/blog\/inscricao-blog\/","name":"Inscreva-se! | REPLICK - Nutri\u00e7\u00e3o de Contatos","isPartOf":{"@id":"https:\/\/replick.com.br\/blog\/#website"},"datePublished":"2018-04-02T21:44:46+00:00","dateModified":"2018-04-04T20:21:13+00:00","breadcrumb":{"@id":"https:\/\/replick.com.br\/blog\/inscricao-blog\/#breadcrumb"},"inLanguage":"pt-BR","potentialAction":[{"@type":"ReadAction","target":["https:\/\/replick.com.br\/blog\/inscricao-blog\/"]}]},{"@type":"BreadcrumbList","@id":"https:\/\/replick.com.br\/blog\/inscricao-blog\/#breadcrumb","itemListElement":[{"@type":"ListItem","position":1,"name":"In\u00edcio","item":"https:\/\/replick.com.br\/blog\/"},{"@type":"ListItem","position":2,"name":"Inscreva-se!"}]},{"@type":"WebSite","@id":"https:\/\/replick.com.br\/blog\/#website","url":"https:\/\/replick.com.br\/blog\/","name":"REPLICK - Nutri\u00e7\u00e3o de Contatos","description":"Neste blog iremos postar as novidades da REPLICK","publisher":{"@id":"https:\/\/replick.com.br\/blog\/#organization"},"potentialAction":[{"@type":"SearchAction","target":{"@type":"EntryPoint","urlTemplate":"https:\/\/replick.com.br\/blog\/?s={search_term_string}"},"query-input":"required name=search_term_string"}],"inLanguage":"pt-BR"},{"@type":"Organization","@id":"https:\/\/replick.com.br\/blog\/#organization","name":"REPLICK","url":"https:\/\/replick.com.br\/blog\/","logo":{"@type":"ImageObject","inLanguage":"pt-BR","@id":"https:\/\/replick.com.br\/blog\/#\/schema\/logo\/image\/","url":"https:\/\/replick.com.br\/blog\/wp-content\/uploads\/2015\/11\/BordoReplick.jpg","contentUrl":"https:\/\/replick.com.br\/blog\/wp-content\/uploads\/2015\/11\/BordoReplick.jpg","width":468,"height":122,"caption":"REPLICK"},"image":{"@id":"https:\/\/replick.com.br\/blog\/#\/schema\/logo\/image\/"},"sameAs":["https:\/\/www.facebook.com\/ReplickRelacionamento\/","https:\/\/www.instagram.com\/replicksocial\/"]}]}},"_links":{"self":[{"href":"https:\/\/replick.com.br\/blog\/wp-json\/wp\/v2\/pages\/664"}],"collection":[{"href":"https:\/\/replick.com.br\/blog\/wp-json\/wp\/v2\/pages"}],"about":[{"href":"https:\/\/replick.com.br\/blog\/wp-json\/wp\/v2\/types\/page"}],"author":[{"embeddable":true,"href":"https:\/\/replick.com.br\/blog\/wp-json\/wp\/v2\/users\/4"}],"replies":[{"embeddable":true,"href":"https:\/\/replick.com.br\/blog\/wp-json\/wp\/v2\/comments?post=664"}],"version-history":[{"count":8,"href":"https:\/\/replick.com.br\/blog\/wp-json\/wp\/v2\/pages\/664\/revisions"}],"predecessor-version":[{"id":700,"href":"https:\/\/replick.com.br\/blog\/wp-json\/wp\/v2\/pages\/664\/revisions\/700"}],"wp:attachment":[{"href":"https:\/\/replick.com.br\/blog\/wp-json\/wp\/v2\/media?parent=664"}],"curies":[{"name":"wp","href":"https:\/\/api.w.org\/{rel}","templated":true}]}}