{"id":2,"date":"2015-11-30T18:01:35","date_gmt":"2015-11-30T18:01:35","guid":{"rendered":"http:\/\/replick.com.br\/blog\/?page_id=2"},"modified":"2016-02-10T19:29:41","modified_gmt":"2016-02-10T21:29:41","slug":"quemsomos","status":"publish","type":"page","link":"https:\/\/replick.com.br\/blog\/quemsomos\/","title":{"rendered":"Quem Somos"},"content":{"rendered":"<p><a href=\"http:\/\/replick.com.br\/blog\/wp-content\/uploads\/2015\/11\/BordoReplick.jpg\"><img loading=\"lazy\" decoding=\"async\" class=\"wp-image-64 aligncenter\" src=\"http:\/\/replick.com.br\/blog\/wp-content\/uploads\/2015\/11\/BordoReplick-300x78.jpg\" alt=\"BordoReplick\" width=\"258\" height=\"67\" srcset=\"https:\/\/replick.com.br\/blog\/wp-content\/uploads\/2015\/11\/BordoReplick-300x78.jpg 300w, https:\/\/replick.com.br\/blog\/wp-content\/uploads\/2015\/11\/BordoReplick.jpg 468w\" sizes=\"(max-width: 258px) 100vw, 258px\" \/><\/a><\/p>\n<p>A Replick surgiu em 2009, devido \u00e0 necessidade do mercado de eventos em oferecer um servi\u00e7o de relacionamento personalizado e de alta qualidade com os convidados, algo incomum, dif\u00edcil de ser encontrado no mercado.<\/p>\n<p>A empresa \u00e9 especialista no gerenciamento de contatos de qualidade. Seu p\u00fablico recebe um tratamento \u00fanico e\u00a0diferenciado, dentro de padr\u00f5es estabelecidos pela alta exig\u00eancia dos clientes. Conta com uma equipe cuidadosamente treinada e\u00a0capacitada que se adequa \u00e0s particularidades de cada projeto, com responsabilidade e versatilidade, alinhando os diversos passos do gerenciamento dos contatos com o planejamento de cada projeto, permitindo um trabalho muito mais eficiente e que resulta em tranquilidade e seguran\u00e7a\u00a0aos organizadores, que podem contar com uma parceria\u00a0especializada.<\/p>\n<p>&nbsp;<\/p>\n<p><a href=\"http:\/\/replick.com.br\/blog\/wp-content\/uploads\/2015\/12\/Ioanna.jpg\"><img loading=\"lazy\" decoding=\"async\" class=\"size-full wp-image-55 alignleft\" src=\"http:\/\/replick.com.br\/blog\/wp-content\/uploads\/2015\/12\/Ioanna.jpg\" alt=\"Ioanna\" width=\"156\" height=\"240\" \/><\/a><\/p>\n<p style=\"text-align: left;\"><strong>Ioanna Mendon\u00e7a<\/strong><\/p>\n<p>Rela\u00e7\u00f5es p\u00fablicas, formada pela faculdade Alc\u00e2ntara Machado. Atuou durante 16 anos junto \u00e0 presid\u00eancia de uma grande empresa multinacional, onde adquiriu uma ampla viv\u00eancia na \u00e1rea de Planejamento, Organiza\u00e7\u00e3o e Produ\u00e7\u00e3o de eventos empresariais e sociais. \u00a0\u00c9 especialista em cerimonial e protocolo, o que sustenta\u00a0a alta qualidade dos servi\u00e7os da Replick. \u00c9 a\u00a0principal propriet\u00e1ria da Item Eventos, mantenedora da Replick.<\/p>\n<p>\u00c9 f\u00e3 incondicional de Volley, esporte que praticou por mais de 20 anos e at\u00e9 hoje torce fervorosamente. Adora viajar e conhecer novas culturas.<\/p>\n<p>&nbsp;<\/p>\n<p>&nbsp;<\/p>\n<p><a href=\"http:\/\/replick.com.br\/blog\/wp-content\/uploads\/2015\/11\/Odu.jpg\"><img loading=\"lazy\" decoding=\"async\" class=\"size-full wp-image-67 alignleft\" src=\"http:\/\/replick.com.br\/blog\/wp-content\/uploads\/2015\/11\/Odu.jpg\" alt=\"Odu\" width=\"156\" height=\"255\" \/><\/a><\/p>\n<p><strong>Oduvaldo Mendon\u00e7a<\/strong><\/p>\n<p>Engenheiro, formado pela Mau\u00e1 e com P\u00f3s em Administra\u00e7\u00e3o pela FGV-SP. Sua experi\u00eancia \u00e9 decorrente da atua\u00e7\u00e3o na \u00e1rea comercial e log\u00edstica em uma multinacional l\u00edder de mercado, al\u00e9m de ter sido s\u00f3cio fundador em uma empresa de <em>Freight Forwarder<\/em>. Iniciou a Replick, onde hoje \u00e9 respons\u00e1vel pelas \u00e1reas de marketing, administrativa e TI.<\/p>\n<p>\u00c9 diretor-conselheiro em duas institui\u00e7\u00f5es para crian\u00e7as, adolescentes e jovens, uma direcionada para pessoas carentes e outra para deficientes intelectuais. Gosta de esportes, principalmente v\u00f4lei, pratica caminhadas e curte andar de bike pelas ruas da cidade de S\u00e3o Paulo. Tem Porto de Galinhas (PE) como a praia mais bonita do Brasil, que conheceu h\u00e1 30 anos.<\/p>\n<p>&nbsp;<\/p>\n","protected":false},"excerpt":{"rendered":"<p>A Replick surgiu em 2009, devido \u00e0 necessidade do mercado de eventos em oferecer um servi\u00e7o de relacionamento personalizado e de alta qualidade com os convidados, algo incomum, dif\u00edcil de [&hellip;]<\/p>\n","protected":false},"author":4,"featured_media":0,"parent":0,"menu_order":0,"comment_status":"closed","ping_status":"closed","template":"","meta":{"footnotes":""},"yoast_head":"<!-- This site is optimized with the Yoast SEO plugin v21.6 - https:\/\/yoast.com\/wordpress\/plugins\/seo\/ -->\n<title>Quem Somos | REPLICK - Nutri\u00e7\u00e3o de Contatos<\/title>\n<meta name=\"robots\" content=\"index, follow, max-snippet:-1, max-image-preview:large, max-video-preview:-1\" \/>\n<link rel=\"canonical\" href=\"https:\/\/replick.com.br\/blog\/quemsomos\/\" \/>\n<meta property=\"og:locale\" content=\"pt_BR\" \/>\n<meta property=\"og:type\" content=\"article\" \/>\n<meta property=\"og:title\" content=\"Quem Somos | REPLICK - Nutri\u00e7\u00e3o de Contatos\" \/>\n<meta property=\"og:description\" content=\"A Replick surgiu em 2009, devido \u00e0 necessidade do mercado de eventos em oferecer um servi\u00e7o de relacionamento personalizado e de alta qualidade com os convidados, algo incomum, dif\u00edcil de [&hellip;]\" \/>\n<meta property=\"og:url\" content=\"https:\/\/replick.com.br\/blog\/quemsomos\/\" \/>\n<meta property=\"og:site_name\" content=\"REPLICK - Nutri\u00e7\u00e3o de Contatos\" \/>\n<meta property=\"article:publisher\" content=\"https:\/\/www.facebook.com\/ReplickRelacionamento\/\" \/>\n<meta property=\"article:modified_time\" content=\"2016-02-10T21:29:41+00:00\" \/>\n<meta property=\"og:image\" content=\"http:\/\/replick.com.br\/blog\/wp-content\/uploads\/2015\/11\/BordoReplick-300x78.jpg\" \/>\n<meta name=\"twitter:card\" content=\"summary_large_image\" \/>\n<meta name=\"twitter:label1\" content=\"Est. tempo de leitura\" \/>\n\t<meta name=\"twitter:data1\" content=\"2 minutos\" \/>\n<script type=\"application\/ld+json\" class=\"yoast-schema-graph\">{\"@context\":\"https:\/\/schema.org\",\"@graph\":[{\"@type\":\"WebPage\",\"@id\":\"https:\/\/replick.com.br\/blog\/quemsomos\/\",\"url\":\"https:\/\/replick.com.br\/blog\/quemsomos\/\",\"name\":\"Quem Somos | REPLICK - Nutri\u00e7\u00e3o de Contatos\",\"isPartOf\":{\"@id\":\"https:\/\/replick.com.br\/blog\/#website\"},\"datePublished\":\"2015-11-30T18:01:35+00:00\",\"dateModified\":\"2016-02-10T21:29:41+00:00\",\"breadcrumb\":{\"@id\":\"https:\/\/replick.com.br\/blog\/quemsomos\/#breadcrumb\"},\"inLanguage\":\"pt-BR\",\"potentialAction\":[{\"@type\":\"ReadAction\",\"target\":[\"https:\/\/replick.com.br\/blog\/quemsomos\/\"]}]},{\"@type\":\"BreadcrumbList\",\"@id\":\"https:\/\/replick.com.br\/blog\/quemsomos\/#breadcrumb\",\"itemListElement\":[{\"@type\":\"ListItem\",\"position\":1,\"name\":\"In\u00edcio\",\"item\":\"https:\/\/replick.com.br\/blog\/\"},{\"@type\":\"ListItem\",\"position\":2,\"name\":\"Quem Somos\"}]},{\"@type\":\"WebSite\",\"@id\":\"https:\/\/replick.com.br\/blog\/#website\",\"url\":\"https:\/\/replick.com.br\/blog\/\",\"name\":\"REPLICK - Nutri\u00e7\u00e3o de Contatos\",\"description\":\"Neste blog iremos postar as novidades da REPLICK\",\"publisher\":{\"@id\":\"https:\/\/replick.com.br\/blog\/#organization\"},\"potentialAction\":[{\"@type\":\"SearchAction\",\"target\":{\"@type\":\"EntryPoint\",\"urlTemplate\":\"https:\/\/replick.com.br\/blog\/?s={search_term_string}\"},\"query-input\":\"required name=search_term_string\"}],\"inLanguage\":\"pt-BR\"},{\"@type\":\"Organization\",\"@id\":\"https:\/\/replick.com.br\/blog\/#organization\",\"name\":\"REPLICK\",\"url\":\"https:\/\/replick.com.br\/blog\/\",\"logo\":{\"@type\":\"ImageObject\",\"inLanguage\":\"pt-BR\",\"@id\":\"https:\/\/replick.com.br\/blog\/#\/schema\/logo\/image\/\",\"url\":\"https:\/\/replick.com.br\/blog\/wp-content\/uploads\/2015\/11\/BordoReplick.jpg\",\"contentUrl\":\"https:\/\/replick.com.br\/blog\/wp-content\/uploads\/2015\/11\/BordoReplick.jpg\",\"width\":468,\"height\":122,\"caption\":\"REPLICK\"},\"image\":{\"@id\":\"https:\/\/replick.com.br\/blog\/#\/schema\/logo\/image\/\"},\"sameAs\":[\"https:\/\/www.facebook.com\/ReplickRelacionamento\/\",\"https:\/\/www.instagram.com\/replicksocial\/\"]}]}<\/script>\n<!-- \/ Yoast SEO plugin. -->","yoast_head_json":{"title":"Quem Somos | REPLICK - Nutri\u00e7\u00e3o de Contatos","robots":{"index":"index","follow":"follow","max-snippet":"max-snippet:-1","max-image-preview":"max-image-preview:large","max-video-preview":"max-video-preview:-1"},"canonical":"https:\/\/replick.com.br\/blog\/quemsomos\/","og_locale":"pt_BR","og_type":"article","og_title":"Quem Somos | REPLICK - Nutri\u00e7\u00e3o de Contatos","og_description":"A Replick surgiu em 2009, devido \u00e0 necessidade do mercado de eventos em oferecer um servi\u00e7o de relacionamento personalizado e de alta qualidade com os convidados, algo incomum, dif\u00edcil de [&hellip;]","og_url":"https:\/\/replick.com.br\/blog\/quemsomos\/","og_site_name":"REPLICK - Nutri\u00e7\u00e3o de Contatos","article_publisher":"https:\/\/www.facebook.com\/ReplickRelacionamento\/","article_modified_time":"2016-02-10T21:29:41+00:00","og_image":[{"url":"http:\/\/replick.com.br\/blog\/wp-content\/uploads\/2015\/11\/BordoReplick-300x78.jpg"}],"twitter_card":"summary_large_image","twitter_misc":{"Est. tempo de leitura":"2 minutos"},"schema":{"@context":"https:\/\/schema.org","@graph":[{"@type":"WebPage","@id":"https:\/\/replick.com.br\/blog\/quemsomos\/","url":"https:\/\/replick.com.br\/blog\/quemsomos\/","name":"Quem Somos | REPLICK - Nutri\u00e7\u00e3o de Contatos","isPartOf":{"@id":"https:\/\/replick.com.br\/blog\/#website"},"datePublished":"2015-11-30T18:01:35+00:00","dateModified":"2016-02-10T21:29:41+00:00","breadcrumb":{"@id":"https:\/\/replick.com.br\/blog\/quemsomos\/#breadcrumb"},"inLanguage":"pt-BR","potentialAction":[{"@type":"ReadAction","target":["https:\/\/replick.com.br\/blog\/quemsomos\/"]}]},{"@type":"BreadcrumbList","@id":"https:\/\/replick.com.br\/blog\/quemsomos\/#breadcrumb","itemListElement":[{"@type":"ListItem","position":1,"name":"In\u00edcio","item":"https:\/\/replick.com.br\/blog\/"},{"@type":"ListItem","position":2,"name":"Quem Somos"}]},{"@type":"WebSite","@id":"https:\/\/replick.com.br\/blog\/#website","url":"https:\/\/replick.com.br\/blog\/","name":"REPLICK - Nutri\u00e7\u00e3o de Contatos","description":"Neste blog iremos postar as novidades da REPLICK","publisher":{"@id":"https:\/\/replick.com.br\/blog\/#organization"},"potentialAction":[{"@type":"SearchAction","target":{"@type":"EntryPoint","urlTemplate":"https:\/\/replick.com.br\/blog\/?s={search_term_string}"},"query-input":"required name=search_term_string"}],"inLanguage":"pt-BR"},{"@type":"Organization","@id":"https:\/\/replick.com.br\/blog\/#organization","name":"REPLICK","url":"https:\/\/replick.com.br\/blog\/","logo":{"@type":"ImageObject","inLanguage":"pt-BR","@id":"https:\/\/replick.com.br\/blog\/#\/schema\/logo\/image\/","url":"https:\/\/replick.com.br\/blog\/wp-content\/uploads\/2015\/11\/BordoReplick.jpg","contentUrl":"https:\/\/replick.com.br\/blog\/wp-content\/uploads\/2015\/11\/BordoReplick.jpg","width":468,"height":122,"caption":"REPLICK"},"image":{"@id":"https:\/\/replick.com.br\/blog\/#\/schema\/logo\/image\/"},"sameAs":["https:\/\/www.facebook.com\/ReplickRelacionamento\/","https:\/\/www.instagram.com\/replicksocial\/"]}]}},"_links":{"self":[{"href":"https:\/\/replick.com.br\/blog\/wp-json\/wp\/v2\/pages\/2"}],"collection":[{"href":"https:\/\/replick.com.br\/blog\/wp-json\/wp\/v2\/pages"}],"about":[{"href":"https:\/\/replick.com.br\/blog\/wp-json\/wp\/v2\/types\/page"}],"author":[{"embeddable":true,"href":"https:\/\/replick.com.br\/blog\/wp-json\/wp\/v2\/users\/4"}],"replies":[{"embeddable":true,"href":"https:\/\/replick.com.br\/blog\/wp-json\/wp\/v2\/comments?post=2"}],"version-history":[{"count":19,"href":"https:\/\/replick.com.br\/blog\/wp-json\/wp\/v2\/pages\/2\/revisions"}],"predecessor-version":[{"id":261,"href":"https:\/\/replick.com.br\/blog\/wp-json\/wp\/v2\/pages\/2\/revisions\/261"}],"wp:attachment":[{"href":"https:\/\/replick.com.br\/blog\/wp-json\/wp\/v2\/media?parent=2"}],"curies":[{"name":"wp","href":"https:\/\/api.w.org\/{rel}","templated":true}]}}